{"id":2540,"date":"2022-01-17T18:30:50","date_gmt":"2022-01-17T18:30:50","guid":{"rendered":"https:\/\/www.emicasa.fr\/?page_id=2540"},"modified":"2023-01-23T14:38:14","modified_gmt":"2023-01-23T14:38:14","slug":"interior-designer-valbonne","status":"publish","type":"page","link":"https:\/\/www.emicasa.fr\/en\/interior-designer-valbonne\/","title":{"rendered":"Interior designer Valbonne: Home Staging"},"content":{"rendered":"<p>[et_pb_section fb_built=&#8221;1&#8243; _builder_version=&#8221;4.9.7&#8243; _module_preset=&#8221;default&#8221; background_color=&#8221;rgba(255,255,255,0.84)&#8221; background_image=&#8221;https:\/\/www.emicasa.fr\/wp-content\/uploads\/2022\/01\/service-interior-decoration-valbonne.jpg&#8221; background_blend=&#8221;overlay&#8221;][et_pb_row _builder_version=&#8221;4.9.7&#8243; _module_preset=&#8221;default&#8221;][et_pb_column type=&#8221;4_4&#8243; _builder_version=&#8221;4.9.7&#8243; _module_preset=&#8221;default&#8221;][et_pb_text _builder_version=&#8221;4.9.7&#8243; _module_preset=&#8221;default&#8221; header_font_size=&#8221;46px&#8221; header_line_height=&#8221;1.3em&#8221; header_font_size_tablet=&#8221;&#8221; header_font_size_phone=&#8221;30px&#8221; header_font_size_last_edited=&#8221;on|phone&#8221;]<\/p>\n<h1 style=\"text-align: center;\">Space Design and Decoration in Valbonne<\/h1>\n<p>&nbsp;[\/et_pb_text][et_pb_text _builder_version=&#8221;4.9.7&#8243; _module_preset=&#8221;default&#8221; custom_padding=&#8221;||103px|||&#8221;]<\/p>\n<p style=\"text-align: center;\">You are planning to change your interior design and bring your home to life. You need the assistance of a specialist in <strong restyling=\"\" strong=\"\"> and decorating your home. <\/strong>Interior designer in Valbonne, Emicasa remains available to accompany you. You benefit from <strong> advice in decoration<\/strong> bien \u00e0 propos. I offer personalized <a href=\"https:\/\/www.emicasa.fr\/prestations\/\">services<\/a> in decoration centered on the satisfaction of your desires.<\/p>\n<p>[\/et_pb_text][\/et_pb_column][\/et_pb_row][\/et_pb_section][et_pb_section fb_built=&#8221;1&#8243; disabled_on=&#8221;off|off|off&#8221; _builder_version=&#8221;4.9.7&#8243; _module_preset=&#8221;default&#8221; background_image=&#8221;https:\/\/www.emicasa.fr\/wp-content\/uploads\/2022\/01\/interior-decoration-valbonne.jpg&#8221; custom_margin=&#8221;-51px|||||&#8221;][et_pb_row _builder_version=&#8221;4.9.7&#8243; _module_preset=&#8221;default&#8221; background_color=&#8221;#2c3534&#8243; width=&#8221;38%&#8221; width_tablet=&#8221;&#8221; width_phone=&#8221;92%&#8221; width_last_edited=&#8221;on|phone&#8221; custom_margin=&#8221;50px||50px||false|false&#8221; custom_padding=&#8221;50px|50px|50px|50px|false|false&#8221;][et_pb_column type=&#8221;4_4&#8243; _builder_version=&#8221;4.9.7&#8243; _module_preset=&#8221;default&#8221;][et_pb_text _builder_version=&#8221;4.9.7&#8243; _module_preset=&#8221;default&#8221; text_text_color=&#8221;#FFFFFF&#8221; text_line_height=&#8221;1.6em&#8221; header_text_color=&#8221;#FFFFFF&#8221; header_line_height=&#8221;1.2em&#8221; header_2_text_color=&#8221;#FFFFFF&#8221; header_2_font_size=&#8221;30px&#8221; header_2_line_height=&#8221;1.2em&#8221; text_orientation=&#8221;justified&#8221; header_font_size_tablet=&#8221;&#8221; header_font_size_phone=&#8221;22px&#8221; header_font_size_last_edited=&#8221;on|phone&#8221; header_2_text_align_tablet=&#8221;&#8221; header_2_text_align_phone=&#8221;left&#8221; header_2_text_align_last_edited=&#8221;on|phone&#8221; header_2_font_size_tablet=&#8221;&#8221; header_2_font_size_phone=&#8221;26px&#8221; header_2_font_size_last_edited=&#8221;on|phone&#8221; text_orientation_tablet=&#8221;&#8221; text_orientation_phone=&#8221;left&#8221; text_orientation_last_edited=&#8221;on|phone&#8221;]<\/p>\n<h2 style=\"text-align: center;\">Emicasa : interior designer in Valbonne<\/h2>\n<p>&nbsp;<\/p>\n<p>Ready for any contingency, Emicasa redesigns your environment with taste. The designer uses her aesthetic sense and creativity to design your new living space. When you feel the need for a change in your <strong>apartment<\/strong>, Emicasa, <strong> interior designer in Valbonne<\/strong>, brings you her know-how.<\/p>\n<p>She implements the necessary experience to intervene in all areas of your home. Her visit to your home will leave an impression of renewal and improve your well-being, thanks to the application of the rules of <strong> feng zen decoration<\/strong>. The design specialist offers you, in the end, a revamped apartment conducive to the well-being of its occupants.<\/p>\n<p>The designer advises you on how to keep your interior in harmony with your desires. She knows better than anyone what is appropriate to reveal your desires. On a room or on your entire home. Located in the Alpes-Maritimes, Emicasa provides you with a real support for your designing project.<\/p>\n<p>[\/et_pb_text][\/et_pb_column][\/et_pb_row][\/et_pb_section][et_pb_section fb_built=&#8221;1&#8243; disabled_on=&#8221;off|off|off&#8221; _builder_version=&#8221;4.9.7&#8243; _module_preset=&#8221;default&#8221;][et_pb_row _builder_version=&#8221;4.9.7&#8243; _module_preset=&#8221;default&#8221;][et_pb_column type=&#8221;4_4&#8243; _builder_version=&#8221;4.9.7&#8243; _module_preset=&#8221;default&#8221;][et_pb_text _builder_version=&#8221;4.9.7&#8243; _module_preset=&#8221;default&#8221; custom_margin=&#8221;9px||11px|||&#8221; header_2_font_size_tablet=&#8221;&#8221; header_2_font_size_phone=&#8221;24px&#8221; header_2_font_size_last_edited=&#8221;on|phone&#8221;]<\/p>\n<h2 style=\"text-align: center;\">Emicasa&#8217;s expertise to give your home a new look<\/h2>\n<p>[\/et_pb_text][et_pb_text _builder_version=&#8221;4.9.7&#8243; _module_preset=&#8221;default&#8221;]<\/p>\n<p>Expert in interior design in the Alpes-Maritimes, Emicasa offers an intervention beyond the decoration of your premises. I offer you a<strong>home staging<\/strong> and accompany you as a <strong>decoration coach<\/strong>.<\/p>\n<h3>Interior design<\/h3>\n<p>Emicasa offers a different approach to space and interior design. The effectiveness of its work lies in the respect of the key stages of the project: a first appointment, a proposal of board of ambiances. This is followed by a visualization of the <strong> 2D\/3D plan<\/strong> of the site before the finalization of the work. Thus, you get an environment in harmony with your personality.<\/p>\n<h3>Decoration Coaching<\/h3>\n<p>This service allows you to give a new look to your premises. No need to start major renovations. Thanks to the coaching sessions, you can bring your environment in line with your emotions of the moment. However, everything starts off with a visit of the premises to be fitted out in order to appreciate the characteristics of the existing space.<\/p>\n<h3>The home staging<\/h3>\n<p>A property changes hands? It deserves to change its identity. It is a question here of accompanying you with a service of depersonalization of your interior before putting it on sale or on rent. This remains valid if it is you who must acquire the property. Apr\u00e8s la visite du local, Emicasa suggests a new <strong>layout<\/strong> with vivid perspectives.<\/p>\n<p>[\/et_pb_text][\/et_pb_column][\/et_pb_row][et_pb_row column_structure=&#8221;1_3,1_3,1_3&#8243; make_equal=&#8221;on&#8221; _builder_version=&#8221;4.9.7&#8243; _module_preset=&#8221;default&#8221; custom_margin=&#8221;||||false|false&#8221; custom_padding=&#8221;||||false|false&#8221;][et_pb_column type=&#8221;1_3&#8243; _builder_version=&#8221;4.9.7&#8243; _module_preset=&#8221;default&#8221; background_color=&#8221;rgba(216,220,210,0.71)&#8221; custom_padding=&#8221;80px||80px||false|false&#8221; link_option_url=&#8221;#etape1&#8243;][et_pb_text _builder_version=&#8221;4.9.7&#8243; _module_preset=&#8221;default&#8221; text_font=&#8221;Allura||||||||&#8221; text_font_size=&#8221;87px&#8221;]<\/p>\n<p style=\"text-align: center;\">01<\/p>\n<p>[\/et_pb_text][et_pb_divider color=&#8221;#000000&#8243; divider_weight=&#8221;2px&#8221; _builder_version=&#8221;4.9.7&#8243; _module_preset=&#8221;default&#8221; max_width=&#8221;24%&#8221; module_alignment=&#8221;center&#8221; min_height=&#8221;0px&#8221; height=&#8221;0px&#8221;][\/et_pb_divider][et_pb_text _builder_version=&#8221;4.9.7&#8243; _module_preset=&#8221;default&#8221; text_font=&#8221;Alegreya||on||||||&#8221; text_font_size=&#8221;20px&#8221;]<\/p>\n<p style=\"text-align: center;\">An appointment to study your project<\/p>\n<p>[\/et_pb_text][\/et_pb_column][et_pb_column type=&#8221;1_3&#8243; _builder_version=&#8221;4.9.7&#8243; _module_preset=&#8221;default&#8221; background_color=&#8221;rgba(216,220,210,0.71)&#8221; custom_padding=&#8221;80px||80px||false|false&#8221; link_option_url=&#8221;#etape2&#8243;][et_pb_text _builder_version=&#8221;4.9.7&#8243; _module_preset=&#8221;default&#8221; text_font=&#8221;Allura||||||||&#8221; text_font_size=&#8221;87px&#8221;]<\/p>\n<p style=\"text-align: center;\">02<\/p>\n<p>[\/et_pb_text][et_pb_divider color=&#8221;#000000&#8243; divider_weight=&#8221;2px&#8221; _builder_version=&#8221;4.9.7&#8243; _module_preset=&#8221;default&#8221; max_width=&#8221;24%&#8221; module_alignment=&#8221;center&#8221; min_height=&#8221;0px&#8221; height=&#8221;0px&#8221;][\/et_pb_divider][et_pb_text _builder_version=&#8221;4.9.7&#8243; _module_preset=&#8221;default&#8221; text_font=&#8221;Alegreya||on||||||&#8221; text_font_size=&#8221;20px&#8221;]<\/p>\n<p style=\"text-align: center;\">The realization of the atmosphere boards<\/p>\n<p>[\/et_pb_text][\/et_pb_column][et_pb_column type=&#8221;1_3&#8243; _builder_version=&#8221;4.9.7&#8243; _module_preset=&#8221;default&#8221; background_color=&#8221;rgba(216,220,210,0.71)&#8221; custom_padding=&#8221;80px||80px||false|false&#8221; link_option_url=&#8221;#etape3&#8243;][et_pb_text _builder_version=&#8221;4.9.7&#8243; _module_preset=&#8221;default&#8221; text_font=&#8221;Allura||||||||&#8221; text_font_size=&#8221;87px&#8221;]<\/p>\n<p style=\"text-align: center;\">03<\/p>\n<p>[\/et_pb_text][et_pb_divider color=&#8221;#000000&#8243; divider_weight=&#8221;2px&#8221; _builder_version=&#8221;4.9.7&#8243; _module_preset=&#8221;default&#8221; max_width=&#8221;24%&#8221; module_alignment=&#8221;center&#8221; min_height=&#8221;0px&#8221; height=&#8221;0px&#8221;][\/et_pb_divider][et_pb_text _builder_version=&#8221;4.9.7&#8243; _module_preset=&#8221;default&#8221; text_font=&#8221;Alegreya||on||||||&#8221; text_font_size=&#8221;20px&#8221;]<\/p>\n<p style=\"text-align: center;\">Inventories of materials and furniture to be acquired<\/p>\n<p>[\/et_pb_text][\/et_pb_column][\/et_pb_row][et_pb_row column_structure=&#8221;1_3,1_3,1_3&#8243; make_equal=&#8221;on&#8221; _builder_version=&#8221;4.9.7&#8243; _module_preset=&#8221;default&#8221; custom_margin=&#8221;||||false|false&#8221; custom_padding=&#8221;||||false|false&#8221;][et_pb_column type=&#8221;1_3&#8243; _builder_version=&#8221;4.9.7&#8243; _module_preset=&#8221;default&#8221; background_color=&#8221;rgba(216,220,210,0.71)&#8221; custom_padding=&#8221;80px||80px||false|false&#8221; link_option_url=&#8221;#etape1&#8243;][et_pb_text _builder_version=&#8221;4.9.7&#8243; _module_preset=&#8221;default&#8221; text_font=&#8221;Allura||||||||&#8221; text_font_size=&#8221;87px&#8221;]<\/p>\n<p style=\"text-align: center;\">04<\/p>\n<p>[\/et_pb_text][et_pb_divider color=&#8221;#000000&#8243; divider_weight=&#8221;2px&#8221; _builder_version=&#8221;4.9.7&#8243; _module_preset=&#8221;default&#8221; max_width=&#8221;24%&#8221; module_alignment=&#8221;center&#8221; min_height=&#8221;0px&#8221; height=&#8221;0px&#8221;][\/et_pb_divider][et_pb_text _builder_version=&#8221;4.9.7&#8243; _module_preset=&#8221;default&#8221; text_font=&#8221;Alegreya||on||||||&#8221; text_font_size=&#8221;20px&#8221;]<\/p>\n<p style=\"text-align: center;\">The preparation and proposal of the 2D\/3D plan of your project<\/p>\n<p>[\/et_pb_text][\/et_pb_column][et_pb_column type=&#8221;1_3&#8243; _builder_version=&#8221;4.9.7&#8243; _module_preset=&#8221;default&#8221; background_color=&#8221;rgba(216,220,210,0.71)&#8221; custom_padding=&#8221;80px||80px||false|false&#8221; link_option_url=&#8221;#etape2&#8243;][et_pb_text _builder_version=&#8221;4.9.7&#8243; _module_preset=&#8221;default&#8221; text_font=&#8221;Allura||||||||&#8221; text_font_size=&#8221;87px&#8221;]<\/p>\n<p style=\"text-align: center;\">05<\/p>\n<p>[\/et_pb_text][et_pb_divider color=&#8221;#000000&#8243; divider_weight=&#8221;2px&#8221; _builder_version=&#8221;4.9.7&#8243; _module_preset=&#8221;default&#8221; max_width=&#8221;24%&#8221; module_alignment=&#8221;center&#8221; min_height=&#8221;0px&#8221; height=&#8221;0px&#8221;][\/et_pb_divider][et_pb_text _builder_version=&#8221;4.9.7&#8243; _module_preset=&#8221;default&#8221; text_font=&#8221;Alegreya||on||||||&#8221; text_font_size=&#8221;20px&#8221;]<\/p>\n<p style=\"text-align: center;\">The implementation of the project and the follow-up of the site until its completion<\/p>\n<p>[\/et_pb_text][\/et_pb_column][et_pb_column type=&#8221;1_3&#8243; _builder_version=&#8221;4.9.7&#8243; _module_preset=&#8221;default&#8221; background_color=&#8221;rgba(216,220,210,0.71)&#8221; background_image=&#8221;https:\/\/www.emicasa.fr\/wp-content\/uploads\/2022\/01\/interior-decorator-valbonne.jpg&#8221; custom_padding=&#8221;80px||80px||false|false&#8221; link_option_url=&#8221;#etape2&#8243;][\/et_pb_column][\/et_pb_row][\/et_pb_section][et_pb_section fb_built=&#8221;1&#8243; disabled_on=&#8221;off|off|off&#8221; _builder_version=&#8221;4.9.7&#8243; _module_preset=&#8221;default&#8221;][et_pb_row _builder_version=&#8221;4.9.7&#8243; _module_preset=&#8221;default&#8221; custom_margin=&#8221;-56px|auto||auto||&#8221;][et_pb_column type=&#8221;4_4&#8243; _builder_version=&#8221;4.9.7&#8243; _module_preset=&#8221;default&#8221;][et_pb_text _builder_version=&#8221;4.9.7&#8243; _module_preset=&#8221;default&#8221; header_2_font_size_tablet=&#8221;&#8221; header_2_font_size_phone=&#8221;24px&#8221; header_2_font_size_last_edited=&#8221;on|phone&#8221;]<\/p>\n<h2 style=\"text-align: center;\">Why trust Emicasa, interior designer in Valbonne<\/h2>\n<p>[\/et_pb_text][\/et_pb_column][\/et_pb_row][et_pb_row column_structure=&#8221;3_5,2_5&#8243; _builder_version=&#8221;4.9.7&#8243; _module_preset=&#8221;default&#8221;][et_pb_column type=&#8221;3_5&#8243; _builder_version=&#8221;4.9.7&#8243; _module_preset=&#8221;default&#8221;][et_pb_text _builder_version=&#8221;4.9.7&#8243; _module_preset=&#8221;default&#8221;]<\/p>\n<p><strong>Interior designer<\/strong> and <strong>space designer<\/strong> in Valbonne <strong>Valbonne<\/strong>, Emicasa offers you a keen expertise to create friendly environments. It is important to select decorative elements that correspond to your surfaces and problems. This is a reliable way to achieve your real objectives if you want to have a <strong>zen decoration<\/strong>.<\/p>\n<p>The goal is to design your future interior spaces in accordance with your current desires. I put all my passion at your service for an integral <strong>support<\/strong>. The sense of listening, optimism, boldness and creativity, this is the package you get. <a href=\"https:\/\/www.emicasa.fr\/contact\/\">Contact Emicasa<\/a> to fulfill your decoration or interior design project with 100% efficiency.<\/p>\n<p>[\/et_pb_text][\/et_pb_column][et_pb_column type=&#8221;2_5&#8243; _builder_version=&#8221;4.9.7&#8243; _module_preset=&#8221;default&#8221;][et_pb_image src=&#8221;https:\/\/www.emicasa.fr\/wp-content\/uploads\/2022\/01\/specialist-in-interior-decoration-valbonne.jpeg&#8221; alt=&#8221;specialist in interior decoration valbonne&#8221; title_text=&#8221;specialist in interior decoration valbonne&#8221; _builder_version=&#8221;4.9.7&#8243; _module_preset=&#8221;default&#8221; custom_padding=&#8221;35px|||||&#8221;][\/et_pb_image][\/et_pb_column][\/et_pb_row][\/et_pb_section]<\/p>\n","protected":false},"excerpt":{"rendered":"<p>Space Design and Decoration in Valbonne &nbsp;You are planning to change your interior design and bring your home to life. You need the assistance of a specialist in and decorating your home. Interior designer in Valbonne, Emicasa remains available to accompany you. You benefit from advice in decoration bien \u00e0 propos. I offer personalized services [&hellip;]<\/p>\n","protected":false},"author":2,"featured_media":0,"parent":0,"menu_order":0,"comment_status":"closed","ping_status":"closed","template":"","meta":{"_et_pb_use_builder":"on","_et_pb_old_content":"[twenty20 img1=\"618\" img2=\"616\" offset=\"0.5\"]\r\n\r\n[twenty20 img1=\"622\" img2=\"621\" offset=\"0.5\"]\r\n\r\n[twenty20 img1=\"633\" img2=\"632\" offset=\"0.5\"]\r\n\r\n[twenty20 img1=\"635\" img2=\"634\" offset=\"0.5\"]\r\n\r\n[twenty20 img1=\"638\" img2=\"637\" offset=\"0.5\"]\r\n\r\n[twenty20 img1=\"640\" img2=\"639\" offset=\"0.5\"]\r\n\r\n[twenty20 img1=\"644\" img2=\"645\" offset=\"0.5\"]\r\n\r\n[twenty20 img1=\"648\" img2=\"647\" offset=\"0.5\"]\r\n\r\n[twenty20 img1=\"652\" img2=\"651\" offset=\"0.5\"]\r\n\r\n[twenty20 img1=\"654\" img2=\"662\" offset=\"0.5\"]\r\n\r\n[twenty20 img1=\"656\" img2=\"655\" offset=\"0.5\"]\r\n\r\n[twenty20 img1=\"658\" img2=\"657\" offset=\"0.5\"]\r\n\r\n[twenty20 img1=\"660\" img2=\"659\" offset=\"0.5\"]\r\n\r\n[twenty20 img1=\"666\" img2=\"665\" offset=\"0.5\"]\r\n\r\n[twenty20 img1=\"667\" img2=\"653\" offset=\"0.5\"]\r\n\r\n[twenty20 img1=\"670\" img2=\"669\" offset=\"0.5\"]\r\n\r\n[twenty20 img1=\"672\" img2=\"671\" offset=\"0.5\"]\r\n\r\n[twenty20 img1=\"674\" img2=\"673\" offset=\"0.5\"]","_et_gb_content_width":"","footnotes":""},"class_list":["post-2540","page","type-page","status-publish","hentry"],"yoast_head":"<!-- This site is optimized with the Yoast SEO plugin v24.4 - https:\/\/yoast.com\/wordpress\/plugins\/seo\/ -->\n<title>Interior designer Valbonne: Home Remodeling - Emicasa<\/title>\n<meta name=\"description\" content=\"Are you searching for an interior designer in Valbonne? Emicasa offers you a custom-made accompaniment to renovate your interior.\" \/>\n<meta name=\"robots\" content=\"index, follow, max-snippet:-1, max-image-preview:large, max-video-preview:-1\" \/>\n<link rel=\"canonical\" href=\"https:\/\/www.emicasa.fr\/en\/interior-designer-valbonne\/\" \/>\n<meta property=\"og:locale\" content=\"en_US\" \/>\n<meta property=\"og:type\" content=\"article\" \/>\n<meta property=\"og:title\" content=\"Interior designer Valbonne: Home Remodeling - Emicasa\" \/>\n<meta property=\"og:description\" content=\"Are you searching for an interior designer in Valbonne? Emicasa offers you a custom-made accompaniment to renovate your interior.\" \/>\n<meta property=\"og:url\" content=\"https:\/\/www.emicasa.fr\/en\/interior-designer-valbonne\/\" \/>\n<meta property=\"og:site_name\" content=\"D\u00e9coration Interieur Alpes-Maritimes\" \/>\n<meta property=\"article:publisher\" content=\"https:\/\/www.facebook.com\/emicasainteriors\/\" \/>\n<meta property=\"article:modified_time\" content=\"2023-01-23T14:38:14+00:00\" \/>\n<meta property=\"og:image\" content=\"https:\/\/www.emicasa.fr\/wp-content\/uploads\/2025\/10\/Emicasa-Website-1-318x1024.png\" \/>\n\t<meta property=\"og:image:width\" content=\"318\" \/>\n\t<meta property=\"og:image:height\" content=\"1024\" \/>\n\t<meta property=\"og:image:type\" content=\"image\/png\" \/>\n<meta name=\"twitter:card\" content=\"summary_large_image\" \/>\n<meta name=\"twitter:label1\" content=\"Est. reading time\" \/>\n\t<meta name=\"twitter:data1\" content=\"8 minutes\" \/>\n<script type=\"application\/ld+json\" class=\"yoast-schema-graph\">{\"@context\":\"https:\/\/schema.org\",\"@graph\":[{\"@type\":\"WebPage\",\"@id\":\"https:\/\/www.emicasa.fr\/en\/interior-designer-valbonne\/\",\"url\":\"https:\/\/www.emicasa.fr\/en\/interior-designer-valbonne\/\",\"name\":\"Interior designer Valbonne: Home Remodeling - Emicasa\",\"isPartOf\":{\"@id\":\"https:\/\/www.emicasa.fr\/en\/#website\"},\"datePublished\":\"2022-01-17T18:30:50+00:00\",\"dateModified\":\"2023-01-23T14:38:14+00:00\",\"description\":\"Are you searching for an interior designer in Valbonne? Emicasa offers you a custom-made accompaniment to renovate your interior.\",\"breadcrumb\":{\"@id\":\"https:\/\/www.emicasa.fr\/en\/interior-designer-valbonne\/#breadcrumb\"},\"inLanguage\":\"en-US\",\"potentialAction\":[{\"@type\":\"ReadAction\",\"target\":[\"https:\/\/www.emicasa.fr\/en\/interior-designer-valbonne\/\"]}]},{\"@type\":\"BreadcrumbList\",\"@id\":\"https:\/\/www.emicasa.fr\/en\/interior-designer-valbonne\/#breadcrumb\",\"itemListElement\":[{\"@type\":\"ListItem\",\"position\":1,\"name\":\"Home\",\"item\":\"https:\/\/www.emicasa.fr\/en\/\"},{\"@type\":\"ListItem\",\"position\":2,\"name\":\"Interior designer Valbonne: Home Staging\"}]},{\"@type\":\"WebSite\",\"@id\":\"https:\/\/www.emicasa.fr\/en\/#website\",\"url\":\"https:\/\/www.emicasa.fr\/en\/\",\"name\":\"D\u00e9coration Interieur Alpes-Maritimes\",\"description\":\"Emicasa Interiors d\u00e9coratrice d&#039;int\u00e9rieur dans le 06 et d\u00e9partements voisins\",\"publisher\":{\"@id\":\"https:\/\/www.emicasa.fr\/en\/#organization\"},\"potentialAction\":[{\"@type\":\"SearchAction\",\"target\":{\"@type\":\"EntryPoint\",\"urlTemplate\":\"https:\/\/www.emicasa.fr\/en\/?s={search_term_string}\"},\"query-input\":{\"@type\":\"PropertyValueSpecification\",\"valueRequired\":true,\"valueName\":\"search_term_string\"}}],\"inLanguage\":\"en-US\"},{\"@type\":\"Organization\",\"@id\":\"https:\/\/www.emicasa.fr\/en\/#organization\",\"name\":\"D\u00e9coration Interieur Alpes-Maritimes\",\"url\":\"https:\/\/www.emicasa.fr\/en\/\",\"logo\":{\"@type\":\"ImageObject\",\"inLanguage\":\"en-US\",\"@id\":\"https:\/\/www.emicasa.fr\/en\/#\/schema\/logo\/image\/\",\"url\":\"https:\/\/www.emicasa.fr\/wp-content\/uploads\/2022\/07\/logo-emicasa-ss-fond-original.png\",\"contentUrl\":\"https:\/\/www.emicasa.fr\/wp-content\/uploads\/2022\/07\/logo-emicasa-ss-fond-original.png\",\"width\":320,\"height\":92,\"caption\":\"D\u00e9coration Interieur Alpes-Maritimes\"},\"image\":{\"@id\":\"https:\/\/www.emicasa.fr\/en\/#\/schema\/logo\/image\/\"},\"sameAs\":[\"https:\/\/www.facebook.com\/emicasainteriors\/\"]}]}<\/script>\n<!-- \/ Yoast SEO plugin. -->","yoast_head_json":{"title":"Interior designer Valbonne: Home Remodeling - Emicasa","description":"Are you searching for an interior designer in Valbonne? Emicasa offers you a custom-made accompaniment to renovate your interior.","robots":{"index":"index","follow":"follow","max-snippet":"max-snippet:-1","max-image-preview":"max-image-preview:large","max-video-preview":"max-video-preview:-1"},"canonical":"https:\/\/www.emicasa.fr\/en\/interior-designer-valbonne\/","og_locale":"en_US","og_type":"article","og_title":"Interior designer Valbonne: Home Remodeling - Emicasa","og_description":"Are you searching for an interior designer in Valbonne? Emicasa offers you a custom-made accompaniment to renovate your interior.","og_url":"https:\/\/www.emicasa.fr\/en\/interior-designer-valbonne\/","og_site_name":"D\u00e9coration Interieur Alpes-Maritimes","article_publisher":"https:\/\/www.facebook.com\/emicasainteriors\/","article_modified_time":"2023-01-23T14:38:14+00:00","og_image":[{"width":318,"height":1024,"url":"https:\/\/www.emicasa.fr\/wp-content\/uploads\/2025\/10\/Emicasa-Website-1-318x1024.png","type":"image\/png"}],"twitter_card":"summary_large_image","twitter_misc":{"Est. reading time":"8 minutes"},"schema":{"@context":"https:\/\/schema.org","@graph":[{"@type":"WebPage","@id":"https:\/\/www.emicasa.fr\/en\/interior-designer-valbonne\/","url":"https:\/\/www.emicasa.fr\/en\/interior-designer-valbonne\/","name":"Interior designer Valbonne: Home Remodeling - Emicasa","isPartOf":{"@id":"https:\/\/www.emicasa.fr\/en\/#website"},"datePublished":"2022-01-17T18:30:50+00:00","dateModified":"2023-01-23T14:38:14+00:00","description":"Are you searching for an interior designer in Valbonne? Emicasa offers you a custom-made accompaniment to renovate your interior.","breadcrumb":{"@id":"https:\/\/www.emicasa.fr\/en\/interior-designer-valbonne\/#breadcrumb"},"inLanguage":"en-US","potentialAction":[{"@type":"ReadAction","target":["https:\/\/www.emicasa.fr\/en\/interior-designer-valbonne\/"]}]},{"@type":"BreadcrumbList","@id":"https:\/\/www.emicasa.fr\/en\/interior-designer-valbonne\/#breadcrumb","itemListElement":[{"@type":"ListItem","position":1,"name":"Home","item":"https:\/\/www.emicasa.fr\/en\/"},{"@type":"ListItem","position":2,"name":"Interior designer Valbonne: Home Staging"}]},{"@type":"WebSite","@id":"https:\/\/www.emicasa.fr\/en\/#website","url":"https:\/\/www.emicasa.fr\/en\/","name":"D\u00e9coration Interieur Alpes-Maritimes","description":"Emicasa Interiors d\u00e9coratrice d&#039;int\u00e9rieur dans le 06 et d\u00e9partements voisins","publisher":{"@id":"https:\/\/www.emicasa.fr\/en\/#organization"},"potentialAction":[{"@type":"SearchAction","target":{"@type":"EntryPoint","urlTemplate":"https:\/\/www.emicasa.fr\/en\/?s={search_term_string}"},"query-input":{"@type":"PropertyValueSpecification","valueRequired":true,"valueName":"search_term_string"}}],"inLanguage":"en-US"},{"@type":"Organization","@id":"https:\/\/www.emicasa.fr\/en\/#organization","name":"D\u00e9coration Interieur Alpes-Maritimes","url":"https:\/\/www.emicasa.fr\/en\/","logo":{"@type":"ImageObject","inLanguage":"en-US","@id":"https:\/\/www.emicasa.fr\/en\/#\/schema\/logo\/image\/","url":"https:\/\/www.emicasa.fr\/wp-content\/uploads\/2022\/07\/logo-emicasa-ss-fond-original.png","contentUrl":"https:\/\/www.emicasa.fr\/wp-content\/uploads\/2022\/07\/logo-emicasa-ss-fond-original.png","width":320,"height":92,"caption":"D\u00e9coration Interieur Alpes-Maritimes"},"image":{"@id":"https:\/\/www.emicasa.fr\/en\/#\/schema\/logo\/image\/"},"sameAs":["https:\/\/www.facebook.com\/emicasainteriors\/"]}]}},"_links":{"self":[{"href":"https:\/\/www.emicasa.fr\/en\/wp-json\/wp\/v2\/pages\/2540","targetHints":{"allow":["GET"]}}],"collection":[{"href":"https:\/\/www.emicasa.fr\/en\/wp-json\/wp\/v2\/pages"}],"about":[{"href":"https:\/\/www.emicasa.fr\/en\/wp-json\/wp\/v2\/types\/page"}],"author":[{"embeddable":true,"href":"https:\/\/www.emicasa.fr\/en\/wp-json\/wp\/v2\/users\/2"}],"replies":[{"embeddable":true,"href":"https:\/\/www.emicasa.fr\/en\/wp-json\/wp\/v2\/comments?post=2540"}],"version-history":[{"count":5,"href":"https:\/\/www.emicasa.fr\/en\/wp-json\/wp\/v2\/pages\/2540\/revisions"}],"predecessor-version":[{"id":2681,"href":"https:\/\/www.emicasa.fr\/en\/wp-json\/wp\/v2\/pages\/2540\/revisions\/2681"}],"wp:attachment":[{"href":"https:\/\/www.emicasa.fr\/en\/wp-json\/wp\/v2\/media?parent=2540"}],"curies":[{"name":"wp","href":"https:\/\/api.w.org\/{rel}","templated":true}]}}